{"id":1216,"date":"2024-10-30T01:58:22","date_gmt":"2024-10-30T01:58:22","guid":{"rendered":"https:\/\/grupomontenegro.com.ar\/about\/"},"modified":"2025-07-02T15:17:00","modified_gmt":"2025-07-02T15:17:00","slug":"about","status":"publish","type":"page","link":"https:\/\/grupomontenegro.com.ar\/?page_id=1216","title":{"rendered":"Sobre nosotros"},"content":{"rendered":"\t\t<div data-elementor-type=\"wp-page\" data-elementor-id=\"1216\" class=\"elementor elementor-1216\" data-elementor-post-type=\"page\">\n\t\t\t\t<div class=\"elementor-element elementor-element-98a421e e-flex e-con-boxed e-con e-parent\" data-id=\"98a421e\" data-element_type=\"container\" data-e-type=\"container\" data-settings=\"{&quot;background_background&quot;:&quot;classic&quot;}\">\n\t\t\t\t\t<div class=\"e-con-inner\">\n\t\t<div class=\"elementor-element elementor-element-80d3247 e-flex e-con-boxed e-con e-child\" data-id=\"80d3247\" data-element_type=\"container\" data-e-type=\"container\">\n\t\t\t\t\t<div class=\"e-con-inner\">\n\t\t\t\t<div class=\"elementor-element elementor-element-3021605 elementor-widget elementor-widget-heading\" data-id=\"3021605\" data-element_type=\"widget\" data-e-type=\"widget\" data-widget_type=\"heading.default\">\n\t\t\t\t<div class=\"elementor-widget-container\">\n\t\t\t\t\t<h1 class=\"elementor-heading-title elementor-size-default\">Sobre nosotros<\/h1>\t\t\t\t<\/div>\n\t\t\t\t<\/div>\n\t\t\t\t\t<\/div>\n\t\t\t\t<\/div>\n\t\t\t\t\t<\/div>\n\t\t\t\t<\/div>\n\t\t<div class=\"elementor-element elementor-element-1c2d7cb e-flex e-con-boxed e-con e-parent\" data-id=\"1c2d7cb\" data-element_type=\"container\" data-e-type=\"container\" data-settings=\"{&quot;background_background&quot;:&quot;classic&quot;}\">\n\t\t\t\t\t<div class=\"e-con-inner\">\n\t\t<div class=\"elementor-element elementor-element-a88364f e-con-full e-flex e-con e-child\" data-id=\"a88364f\" data-element_type=\"container\" data-e-type=\"container\" data-settings=\"{&quot;background_background&quot;:&quot;classic&quot;}\">\n\t\t\t\t<div class=\"elementor-element elementor-element-fc90709 elementor-widget elementor-widget-image\" data-id=\"fc90709\" data-element_type=\"widget\" data-e-type=\"widget\" data-widget_type=\"image.default\">\n\t\t\t\t<div class=\"elementor-widget-container\">\n\t\t\t\t\t\t\t\t\t\t\t\t\t\t\t<img fetchpriority=\"high\" decoding=\"async\" width=\"1024\" height=\"553\" src=\"https:\/\/grupomontenegro.com.ar\/wp-content\/uploads\/2025\/02\/operarios.png\" class=\"elementor-animation-float attachment-full size-full wp-image-1875\" alt=\"\" srcset=\"https:\/\/grupomontenegro.com.ar\/wp-content\/uploads\/2025\/02\/operarios.png 1024w, https:\/\/grupomontenegro.com.ar\/wp-content\/uploads\/2025\/02\/operarios-300x162.png 300w, https:\/\/grupomontenegro.com.ar\/wp-content\/uploads\/2025\/02\/operarios-768x415.png 768w\" sizes=\"(max-width: 1024px) 100vw, 1024px\" \/>\t\t\t\t\t\t\t\t\t\t\t\t\t\t\t<\/div>\n\t\t\t\t<\/div>\n\t\t\t\t<\/div>\n\t\t\t\t\t<\/div>\n\t\t\t\t<\/div>\n\t\t<div class=\"elementor-element elementor-element-b4db61d e-flex e-con-boxed e-con e-parent\" data-id=\"b4db61d\" data-element_type=\"container\" data-e-type=\"container\" data-settings=\"{&quot;background_background&quot;:&quot;classic&quot;}\">\n\t\t\t\t\t<div class=\"e-con-inner\">\n\t\t<div class=\"elementor-element elementor-element-88e45cd e-con-full e-flex e-con e-child\" data-id=\"88e45cd\" data-element_type=\"container\" data-e-type=\"container\">\n\t\t\t\t<div class=\"elementor-element elementor-element-7471de9 elementor-widget elementor-widget-heading\" data-id=\"7471de9\" data-element_type=\"widget\" data-e-type=\"widget\" data-widget_type=\"heading.default\">\n\t\t\t\t<div class=\"elementor-widget-container\">\n\t\t\t\t\t<h6 class=\"elementor-heading-title elementor-size-default\">Nuestra empresa<\/h6>\t\t\t\t<\/div>\n\t\t\t\t<\/div>\n\t\t\t\t<div class=\"elementor-element elementor-element-98ea8ac elementor-widget__width-initial elementor-widget elementor-widget-icon-box\" data-id=\"98ea8ac\" data-element_type=\"widget\" data-e-type=\"widget\" data-widget_type=\"icon-box.default\">\n\t\t\t\t<div class=\"elementor-widget-container\">\n\t\t\t\t\t\t\t<div class=\"elementor-icon-box-wrapper\">\n\n\t\t\t\n\t\t\t\t\t\t<div class=\"elementor-icon-box-content\">\n\n\t\t\t\t\t\t\t\t\t<h3 class=\"elementor-icon-box-title\">\n\t\t\t\t\t\t<span  >\n\t\t\t\t\t\t\tConstrucci\u00f3n &amp; facility service\t\t\t\t\t\t<\/span>\n\t\t\t\t\t<\/h3>\n\t\t\t\t\n\t\t\t\t\t\t\t\t\t<p class=\"elementor-icon-box-description\">\n\t\t\t\t\t\tEn Grupo Montenegro llevamos m\u00e1s de dos d\u00e9cadas acompa\u00f1ando a grandes marcas en el dise\u00f1o, construcci\u00f3n y mantenimiento de sus espacios comerciales.\nPorque sabemos que cada d\u00eda cuenta, trabajamos con ritmo, precisi\u00f3n y compromiso real. Nuestra evoluci\u00f3n constante nos impulsa a dar un paso m\u00e1s: este a\u00f1o iniciamos el proceso de certificaci\u00f3n en normas de calidad y medio ambiente para elevar a\u00fan m\u00e1s nuestros est\u00e1ndares.\n\nQuer\u00e9s un local listo a tiempo y sin sorpresas? Nosotros lo hacemos posible.\t\t\t\t\t<\/p>\n\t\t\t\t\n\t\t\t<\/div>\n\t\t\t\n\t\t<\/div>\n\t\t\t\t\t\t<\/div>\n\t\t\t\t<\/div>\n\t\t\t\t<div class=\"elementor-element elementor-element-9a22b4e elementor-widget elementor-widget-button\" data-id=\"9a22b4e\" data-element_type=\"widget\" data-e-type=\"widget\" data-widget_type=\"button.default\">\n\t\t\t\t<div class=\"elementor-widget-container\">\n\t\t\t\t\t\t\t\t\t<div class=\"elementor-button-wrapper\">\n\t\t\t\t\t<a class=\"elementor-button elementor-button-link elementor-size-sm\" href=\"#\">\n\t\t\t\t\t\t<span class=\"elementor-button-content-wrapper\">\n\t\t\t\t\t\t\t\t\t<span class=\"elementor-button-text\">M\u00e1s info<\/span>\n\t\t\t\t\t<\/span>\n\t\t\t\t\t<\/a>\n\t\t\t\t<\/div>\n\t\t\t\t\t\t\t\t<\/div>\n\t\t\t\t<\/div>\n\t\t\t\t<\/div>\n\t\t<div class=\"elementor-element elementor-element-1944903 e-con-full e-flex e-con e-child\" data-id=\"1944903\" data-element_type=\"container\" data-e-type=\"container\">\n\t\t\t\t<div class=\"elementor-element elementor-element-11f3152 elementor-widget elementor-widget-text-editor\" data-id=\"11f3152\" data-element_type=\"widget\" data-e-type=\"widget\" data-widget_type=\"text-editor.default\">\n\t\t\t\t<div class=\"elementor-widget-container\">\n\t\t\t\t\t\t\t\t\t<p style=\"text-align: left;\"><br><\/p>\n<p style=\"text-align: left;\"><br><\/p>\n<p style=\"text-align: left;\">Nos eligen marcas que exigen resultados.&nbsp;<br><span style=\"font-style: inherit; font-weight: inherit;\">Conf\u00edan en nosotros porque cumplimos lo que prometemos:<\/span><span style=\"font-style: inherit; font-weight: inherit;\">&nbsp;<\/span><span style=\"font-style: inherit; font-weight: inherit;\">Transparencia total. Profesionalismo real. Entregas a tiempo. Siempre.<\/span><\/p>\n<p style=\"text-align: left;\">Firmas nacionales e internacionales como:&nbsp;Pandora (quien nos certific\u00f3 como General Contractor),&nbsp;Samsung, Herm\u00e8s, Zegna, Tiffany, Despegar,&nbsp;Pr\u00fcne, Vitamina, Cheeky, entre muchas otras,&nbsp;nos siguen eligiendo proyecto tras proyecto.&nbsp;<\/p>\n<h4 style=\"font-size: 17px; font-style: normal; margin-bottom: 0px;\"><span style=\"font-weight: normal;\"><span style=\"font-style: inherit;\">\u00bfQuer\u00e9s sumarte a esta lista?<br><\/span>Hablemos. Estamos listos para tu pr\u00f3ximo desaf\u00edo.<\/span><\/h4>\n\n<p><span style=\"font-style: inherit; font-weight: inherit;\">&nbsp;<\/span><\/p>\n<p><\/p>\t\t\t\t\t\t\t\t<\/div>\n\t\t\t\t<\/div>\n\t\t\t\t<div class=\"elementor-element elementor-element-76646f4 elementor-position-left elementor-vertical-align-middle elementor-widget elementor-widget-image-box\" data-id=\"76646f4\" data-element_type=\"widget\" data-e-type=\"widget\" data-widget_type=\"image-box.default\">\n\t\t\t\t<div class=\"elementor-widget-container\">\n\t\t\t\t\t<div class=\"elementor-image-box-wrapper\"><figure class=\"elementor-image-box-img\"><img decoding=\"async\" width=\"1500\" height=\"1358\" src=\"https:\/\/grupomontenegro.com.ar\/wp-content\/uploads\/2025\/02\/foto-miguel.png\" class=\"attachment-full size-full wp-image-1890\" alt=\"\" srcset=\"https:\/\/grupomontenegro.com.ar\/wp-content\/uploads\/2025\/02\/foto-miguel.png 1500w, https:\/\/grupomontenegro.com.ar\/wp-content\/uploads\/2025\/02\/foto-miguel-300x272.png 300w, https:\/\/grupomontenegro.com.ar\/wp-content\/uploads\/2025\/02\/foto-miguel-1024x927.png 1024w, https:\/\/grupomontenegro.com.ar\/wp-content\/uploads\/2025\/02\/foto-miguel-768x695.png 768w\" sizes=\"(max-width: 1500px) 100vw, 1500px\" \/><\/figure><div class=\"elementor-image-box-content\"><h6 class=\"elementor-image-box-title\">Miguel Montenegro<\/h6><p class=\"elementor-image-box-description\">Fundador<\/p><\/div><\/div>\t\t\t\t<\/div>\n\t\t\t\t<\/div>\n\t\t\t\t<div class=\"elementor-element elementor-element-e7d3e0a elementor-widget elementor-widget-icon-box\" data-id=\"e7d3e0a\" data-element_type=\"widget\" data-e-type=\"widget\" data-widget_type=\"icon-box.default\">\n\t\t\t\t<div class=\"elementor-widget-container\">\n\t\t\t\t\t\t\t<div class=\"elementor-icon-box-wrapper\">\n\n\t\t\t\n\t\t\t\t\t\t<div class=\"elementor-icon-box-content\">\n\n\t\t\t\t\t\t\t\t\t<h6 class=\"elementor-icon-box-title\">\n\t\t\t\t\t\t<span  >\n\t\t\t\t\t\t\tContactanos\t\t\t\t\t\t<\/span>\n\t\t\t\t\t<\/h6>\n\t\t\t\t\n\t\t\t\t\t\t\t\t\t<p class=\"elementor-icon-box-description\">\n\t\t\t\t\t\tinfo@grupomontenegro.com.ar\t\t\t\t\t<\/p>\n\t\t\t\t\n\t\t\t<\/div>\n\t\t\t\n\t\t<\/div>\n\t\t\t\t\t\t<\/div>\n\t\t\t\t<\/div>\n\t\t\t\t<\/div>\n\t\t\t\t\t<\/div>\n\t\t\t\t<\/div>\n\t\t<div class=\"elementor-element elementor-element-14c2c27 e-flex e-con-boxed e-con e-parent\" data-id=\"14c2c27\" data-element_type=\"container\" data-e-type=\"container\" data-settings=\"{&quot;background_background&quot;:&quot;classic&quot;}\">\n\t\t\t\t\t<div class=\"e-con-inner\">\n\t\t<div class=\"elementor-element elementor-element-05bfadd e-con-full e-flex e-con e-child\" data-id=\"05bfadd\" data-element_type=\"container\" data-e-type=\"container\">\n\t\t\t\t<div class=\"elementor-element elementor-element-69c35ec elementor-widget elementor-widget-heading\" data-id=\"69c35ec\" data-element_type=\"widget\" data-e-type=\"widget\" data-widget_type=\"heading.default\">\n\t\t\t\t<div class=\"elementor-widget-container\">\n\t\t\t\t\t<h2 class=\"elementor-heading-title elementor-size-default\">Acerca de nosotros<\/h2>\t\t\t\t<\/div>\n\t\t\t\t<\/div>\n\t\t<div class=\"elementor-element elementor-element-5bb97a7 e-flex e-con-boxed e-con e-child\" data-id=\"5bb97a7\" data-element_type=\"container\" data-e-type=\"container\">\n\t\t\t\t\t<div class=\"e-con-inner\">\n\t\t<div class=\"elementor-element elementor-element-643cd6a e-con-full e-flex e-con e-child\" data-id=\"643cd6a\" data-element_type=\"container\" data-e-type=\"container\">\n\t\t\t\t<div class=\"elementor-element elementor-element-0653b47 elementor-widget elementor-widget-image\" data-id=\"0653b47\" data-element_type=\"widget\" data-e-type=\"widget\" data-widget_type=\"image.default\">\n\t\t\t\t<div class=\"elementor-widget-container\">\n\t\t\t\t\t\t\t\t\t\t\t\t\t\t\t<img decoding=\"async\" width=\"426\" height=\"426\" src=\"https:\/\/grupomontenegro.com.ar\/wp-content\/uploads\/2021\/06\/about-us-12.jpg\" class=\"elementor-animation-float attachment-large size-large wp-image-261\" alt=\"\" srcset=\"https:\/\/grupomontenegro.com.ar\/wp-content\/uploads\/2021\/06\/about-us-12.jpg 426w, https:\/\/grupomontenegro.com.ar\/wp-content\/uploads\/2021\/06\/about-us-12-300x300.jpg 300w, https:\/\/grupomontenegro.com.ar\/wp-content\/uploads\/2021\/06\/about-us-12-150x150.jpg 150w\" sizes=\"(max-width: 426px) 100vw, 426px\" \/>\t\t\t\t\t\t\t\t\t\t\t\t\t\t\t<\/div>\n\t\t\t\t<\/div>\n\t\t\t\t<\/div>\n\t\t<div class=\"elementor-element elementor-element-029c6ae e-con-full e-flex e-con e-child\" data-id=\"029c6ae\" data-element_type=\"container\" data-e-type=\"container\">\n\t\t\t\t<div class=\"elementor-element elementor-element-50b181a elementor-widget elementor-widget-image\" data-id=\"50b181a\" data-element_type=\"widget\" data-e-type=\"widget\" data-widget_type=\"image.default\">\n\t\t\t\t<div class=\"elementor-widget-container\">\n\t\t\t\t\t\t\t\t\t\t\t\t\t\t\t<img loading=\"lazy\" decoding=\"async\" width=\"426\" height=\"426\" src=\"https:\/\/grupomontenegro.com.ar\/wp-content\/uploads\/2021\/06\/about-us-11.jpg\" class=\"elementor-animation-float attachment-large size-large wp-image-262\" alt=\"\" srcset=\"https:\/\/grupomontenegro.com.ar\/wp-content\/uploads\/2021\/06\/about-us-11.jpg 426w, https:\/\/grupomontenegro.com.ar\/wp-content\/uploads\/2021\/06\/about-us-11-300x300.jpg 300w, https:\/\/grupomontenegro.com.ar\/wp-content\/uploads\/2021\/06\/about-us-11-150x150.jpg 150w\" sizes=\"(max-width: 426px) 100vw, 426px\" \/>\t\t\t\t\t\t\t\t\t\t\t\t\t\t\t<\/div>\n\t\t\t\t<\/div>\n\t\t\t\t<\/div>\n\t\t<div class=\"elementor-element elementor-element-834fdba e-con-full e-flex e-con e-child\" data-id=\"834fdba\" data-element_type=\"container\" data-e-type=\"container\">\n\t\t\t\t<div class=\"elementor-element elementor-element-163a518 elementor-widget elementor-widget-heading\" data-id=\"163a518\" data-element_type=\"widget\" data-e-type=\"widget\" data-widget_type=\"heading.default\">\n\t\t\t\t<div class=\"elementor-widget-container\">\n\t\t\t\t\t<h6 class=\"elementor-heading-title elementor-size-default\">1994 - 2024<\/h6>\t\t\t\t<\/div>\n\t\t\t\t<\/div>\n\t\t\t\t<div class=\"elementor-element elementor-element-d9f4149 elementor-widget elementor-widget-icon-box\" data-id=\"d9f4149\" data-element_type=\"widget\" data-e-type=\"widget\" data-widget_type=\"icon-box.default\">\n\t\t\t\t<div class=\"elementor-widget-container\">\n\t\t\t\t\t\t\t<div class=\"elementor-icon-box-wrapper\">\n\n\t\t\t\n\t\t\t\t\t\t<div class=\"elementor-icon-box-content\">\n\n\t\t\t\t\t\t\t\t\t<h4 class=\"elementor-icon-box-title\">\n\t\t\t\t\t\t<span  >\n\t\t\t\t\t\t\tNuestra historia\t\t\t\t\t\t<\/span>\n\t\t\t\t\t<\/h4>\n\t\t\t\t\n\t\t\t\t\t\t\t\t\t<p class=\"elementor-icon-box-description\">\n\t\t\t\t\t\tCon una trayectoria de 30 a\u00f1os en el mundo del retail, Grupo Montenegro se ha consolidado como un referente en la construcci\u00f3n de locales comerciales y servicios de facility management. Nos destacamos por nuestra transparencia, honestidad y profesionalismo, cumpliendo siempre con los plazos de entrega y ofreciendo soluciones de alta calidad en todo el pa\u00eds. Nuestro compromiso es superar las expectativas de nuestros clientes, brindando un servicio integral y personalizado.\n\n\t\t\t\t\t<\/p>\n\t\t\t\t\n\t\t\t<\/div>\n\t\t\t\n\t\t<\/div>\n\t\t\t\t\t\t<\/div>\n\t\t\t\t<\/div>\n\t\t\t\t<div class=\"elementor-element elementor-element-b451a6f elementor-widget elementor-widget-button\" data-id=\"b451a6f\" data-element_type=\"widget\" data-e-type=\"widget\" data-widget_type=\"button.default\">\n\t\t\t\t<div class=\"elementor-widget-container\">\n\t\t\t\t\t\t\t\t\t<div class=\"elementor-button-wrapper\">\n\t\t\t\t\t<a class=\"elementor-button elementor-button-link elementor-size-sm\" href=\"#\">\n\t\t\t\t\t\t<span class=\"elementor-button-content-wrapper\">\n\t\t\t\t\t\t\t\t\t<span class=\"elementor-button-text\">M\u00e1s info<\/span>\n\t\t\t\t\t<\/span>\n\t\t\t\t\t<\/a>\n\t\t\t\t<\/div>\n\t\t\t\t\t\t\t\t<\/div>\n\t\t\t\t<\/div>\n\t\t\t\t<\/div>\n\t\t\t\t\t<\/div>\n\t\t\t\t<\/div>\n\t\t\t\t<\/div>\n\t\t\t\t\t<\/div>\n\t\t\t\t<\/div>\n\t\t\t\t<\/div>\n\t\t","protected":false},"excerpt":{"rendered":"<p>Sobre nosotros Nuestra empresa Construcci\u00f3n &amp; facility service En Grupo Montenegro llevamos m\u00e1s de dos d\u00e9cadas acompa\u00f1ando a grandes marcas en el dise\u00f1o, construcci\u00f3n y mantenimiento de sus espacios comerciales. Porque sabemos que cada d\u00eda cuenta, trabajamos con ritmo, precisi\u00f3n y compromiso real. Nuestra evoluci\u00f3n constante nos impulsa a dar un paso m\u00e1s: este a\u00f1o [&hellip;]<\/p>\n","protected":false},"author":1,"featured_media":0,"parent":0,"menu_order":0,"comment_status":"closed","ping_status":"closed","template":"","meta":{"site-sidebar-layout":"no-sidebar","site-content-layout":"page-builder","ast-site-content-layout":"default","site-content-style":"default","site-sidebar-style":"default","ast-global-header-display":"","ast-banner-title-visibility":"","ast-main-header-display":"","ast-hfb-above-header-display":"","ast-hfb-below-header-display":"","ast-hfb-mobile-header-display":"","site-post-title":"disabled","ast-breadcrumbs-content":"disabled","ast-featured-img":"disabled","footer-sml-layout":"","ast-disable-related-posts":"","theme-transparent-header-meta":"enabled","adv-header-id-meta":"","stick-header-meta":"","header-above-stick-meta":"","header-main-stick-meta":"","header-below-stick-meta":"","astra-migrate-meta-layouts":"default","ast-page-background-enabled":"default","ast-page-background-meta":{"desktop":{"background-color":"","background-image":"","background-repeat":"repeat","background-position":"center center","background-size":"auto","background-attachment":"scroll","background-type":"","background-media":"","overlay-type":"","overlay-color":"","overlay-opacity":"","overlay-gradient":""},"tablet":{"background-color":"","background-image":"","background-repeat":"repeat","background-position":"center center","background-size":"auto","background-attachment":"scroll","background-type":"","background-media":"","overlay-type":"","overlay-color":"","overlay-opacity":"","overlay-gradient":""},"mobile":{"background-color":"","background-image":"","background-repeat":"repeat","background-position":"center center","background-size":"auto","background-attachment":"scroll","background-type":"","background-media":"","overlay-type":"","overlay-color":"","overlay-opacity":"","overlay-gradient":""}},"ast-content-background-meta":{"desktop":{"background-color":"var(--ast-global-color-4)","background-image":"","background-repeat":"repeat","background-position":"center center","background-size":"auto","background-attachment":"scroll","background-type":"","background-media":"","overlay-type":"","overlay-color":"","overlay-opacity":"","overlay-gradient":""},"tablet":{"background-color":"var(--ast-global-color-4)","background-image":"","background-repeat":"repeat","background-position":"center center","background-size":"auto","background-attachment":"scroll","background-type":"","background-media":"","overlay-type":"","overlay-color":"","overlay-opacity":"","overlay-gradient":""},"mobile":{"background-color":"var(--ast-global-color-4)","background-image":"","background-repeat":"repeat","background-position":"center center","background-size":"auto","background-attachment":"scroll","background-type":"","background-media":"","overlay-type":"","overlay-color":"","overlay-opacity":"","overlay-gradient":""}},"footnotes":""},"class_list":["post-1216","page","type-page","status-publish","hentry"],"_links":{"self":[{"href":"https:\/\/grupomontenegro.com.ar\/index.php?rest_route=\/wp\/v2\/pages\/1216","targetHints":{"allow":["GET"]}}],"collection":[{"href":"https:\/\/grupomontenegro.com.ar\/index.php?rest_route=\/wp\/v2\/pages"}],"about":[{"href":"https:\/\/grupomontenegro.com.ar\/index.php?rest_route=\/wp\/v2\/types\/page"}],"author":[{"embeddable":true,"href":"https:\/\/grupomontenegro.com.ar\/index.php?rest_route=\/wp\/v2\/users\/1"}],"replies":[{"embeddable":true,"href":"https:\/\/grupomontenegro.com.ar\/index.php?rest_route=%2Fwp%2Fv2%2Fcomments&post=1216"}],"version-history":[{"count":58,"href":"https:\/\/grupomontenegro.com.ar\/index.php?rest_route=\/wp\/v2\/pages\/1216\/revisions"}],"predecessor-version":[{"id":2258,"href":"https:\/\/grupomontenegro.com.ar\/index.php?rest_route=\/wp\/v2\/pages\/1216\/revisions\/2258"}],"wp:attachment":[{"href":"https:\/\/grupomontenegro.com.ar\/index.php?rest_route=%2Fwp%2Fv2%2Fmedia&parent=1216"}],"curies":[{"name":"wp","href":"https:\/\/api.w.org\/{rel}","templated":true}]}}